{"id":21282,"date":"2024-05-28T09:38:56","date_gmt":"2024-05-28T09:38:56","guid":{"rendered":"https:\/\/lomatarppi.fi\/spring-winter-activities\/"},"modified":"2024-09-14T12:59:33","modified_gmt":"2024-09-14T12:59:33","slug":"spring-winter-activities","status":"publish","type":"page","link":"https:\/\/lomatarppi.fi\/en\/spring-winter-activities\/","title":{"rendered":"Spring activities"},"content":{"rendered":"\t\t<div data-elementor-type=\"wp-page\" data-elementor-id=\"21282\" class=\"elementor elementor-21282 elementor-18926\">\n\t\t\t\t\t\t<section class=\"elementor-section elementor-top-section elementor-element elementor-element-3b02b43c qode_elementor_container_inner elementor-section-full_width elementor-section-stretched elementor-section-height-default elementor-section-height-default parallax_section_no\" data-id=\"3b02b43c\" data-element_type=\"section\" data-e-type=\"section\" data-settings=\"{&quot;background_background&quot;:&quot;classic&quot;,&quot;stretch_section&quot;:&quot;section-stretched&quot;}\">\n\t\t\t\t\t\t<div class=\"elementor-container elementor-column-gap-default\">\n\t\t\t\t\t<div class=\"elementor-column elementor-col-100 elementor-top-column elementor-element elementor-element-735fafff\" data-id=\"735fafff\" data-element_type=\"column\" data-e-type=\"column\">\n\t\t\t<div class=\"elementor-widget-wrap elementor-element-populated\">\n\t\t\t\t\t\t<div class=\"elementor-element elementor-element-3d415e15 elementor-widget elementor-widget-spacer\" data-id=\"3d415e15\" data-element_type=\"widget\" data-e-type=\"widget\" data-widget_type=\"spacer.default\">\n\t\t\t\t<div class=\"elementor-widget-container\">\n\t\t\t\t\t\t\t<div class=\"elementor-spacer\">\n\t\t\t<div class=\"elementor-spacer-inner\"><\/div>\n\t\t<\/div>\n\t\t\t\t\t\t<\/div>\n\t\t\t\t<\/div>\n\t\t\t\t\t<\/div>\n\t\t<\/div>\n\t\t\t\t\t<\/div>\n\t\t<\/section>\n\t\t\t\t<section class=\"elementor-section elementor-top-section elementor-element elementor-element-7bc200ec elementor-section-boxed elementor-section-height-default elementor-section-height-default parallax_section_no qode_elementor_container_no\" data-id=\"7bc200ec\" data-element_type=\"section\" data-e-type=\"section\" data-settings=\"{&quot;background_background&quot;:&quot;classic&quot;}\">\n\t\t\t\t\t\t<div class=\"elementor-container elementor-column-gap-default\">\n\t\t\t\t\t<div class=\"elementor-column elementor-col-100 elementor-top-column elementor-element elementor-element-6b3ada3e\" data-id=\"6b3ada3e\" data-element_type=\"column\" data-e-type=\"column\">\n\t\t\t<div class=\"elementor-widget-wrap elementor-element-populated\">\n\t\t\t\t\t\t<div class=\"elementor-element elementor-element-5b964916 elementor-widget elementor-widget-heading\" data-id=\"5b964916\" data-element_type=\"widget\" data-e-type=\"widget\" data-widget_type=\"heading.default\">\n\t\t\t\t<div class=\"elementor-widget-container\">\n\t\t\t\t\t<h2 class=\"elementor-heading-title elementor-size-default\">ACTIVITIES IN SPRING<\/h2>\t\t\t\t<\/div>\n\t\t\t\t<\/div>\n\t\t\t\t<section class=\"elementor-section elementor-inner-section elementor-element elementor-element-6a3a2ae8 qode_elementor_container_inner elementor-section-boxed elementor-section-height-default elementor-section-height-default parallax_section_no\" data-id=\"6a3a2ae8\" data-element_type=\"section\" data-e-type=\"section\">\n\t\t\t\t\t\t<div class=\"elementor-container elementor-column-gap-default\">\n\t\t\t\t\t<div class=\"elementor-column elementor-col-33 elementor-inner-column elementor-element elementor-element-2d47cb0e\" data-id=\"2d47cb0e\" data-element_type=\"column\" data-e-type=\"column\">\n\t\t\t<div class=\"elementor-widget-wrap elementor-element-populated\">\n\t\t\t\t\t\t<div class=\"elementor-element elementor-element-2e341af elementor-invisible elementor-widget elementor-widget-image\" data-id=\"2e341af\" data-element_type=\"widget\" data-e-type=\"widget\" data-settings=\"{&quot;_animation&quot;:&quot;fadeInLeft&quot;,&quot;_animation_delay&quot;:0.3}\" data-widget_type=\"image.default\">\n\t\t\t\t<div class=\"elementor-widget-container\">\n\t\t\t\t\t\t\t\t\t\t\t\t\t\t\t<img fetchpriority=\"high\" decoding=\"async\" width=\"750\" height=\"750\" src=\"https:\/\/lomatarppi.fi\/wp-content\/uploads\/2024\/05\/Mantokoski-Utsjoella-hoyryaa-1.jpg\" class=\"attachment-full size-full wp-image-19968\" alt=\"\" srcset=\"https:\/\/lomatarppi.fi\/wp-content\/uploads\/2024\/05\/Mantokoski-Utsjoella-hoyryaa-1.jpg 750w, https:\/\/lomatarppi.fi\/wp-content\/uploads\/2024\/05\/Mantokoski-Utsjoella-hoyryaa-1-300x300.jpg 300w, https:\/\/lomatarppi.fi\/wp-content\/uploads\/2024\/05\/Mantokoski-Utsjoella-hoyryaa-1-150x150.jpg 150w, https:\/\/lomatarppi.fi\/wp-content\/uploads\/2024\/05\/Mantokoski-Utsjoella-hoyryaa-1-570x570.jpg 570w, https:\/\/lomatarppi.fi\/wp-content\/uploads\/2024\/05\/Mantokoski-Utsjoella-hoyryaa-1-500x500.jpg 500w, https:\/\/lomatarppi.fi\/wp-content\/uploads\/2024\/05\/Mantokoski-Utsjoella-hoyryaa-1-700x700.jpg 700w, https:\/\/lomatarppi.fi\/wp-content\/uploads\/2024\/05\/Mantokoski-Utsjoella-hoyryaa-1-650x650.jpg 650w\" sizes=\"(max-width: 750px) 100vw, 750px\" \/>\t\t\t\t\t\t\t\t\t\t\t\t\t\t\t<\/div>\n\t\t\t\t<\/div>\n\t\t\t\t\t<\/div>\n\t\t<\/div>\n\t\t\t\t<div class=\"elementor-column elementor-col-66 elementor-inner-column elementor-element elementor-element-3b5d47cb\" data-id=\"3b5d47cb\" data-element_type=\"column\" data-e-type=\"column\">\n\t\t\t<div class=\"elementor-widget-wrap elementor-element-populated\">\n\t\t\t\t\t\t<div class=\"elementor-element elementor-element-460c1aa elementor-widget elementor-widget-text-editor\" data-id=\"460c1aa\" data-element_type=\"widget\" data-e-type=\"widget\" data-widget_type=\"text-editor.default\">\n\t\t\t\t<div class=\"elementor-widget-container\">\n\t\t\t\t\t\t\t\t\t<p>You can start your outdoor activities and trips to the wilderness from your doorstep.<\/p><p>More info on hiking trails <a href=\"https:\/\/exploreutsjoki.fi\/tekemista-utsjoella\/vaeltaminen-ja-retkeily\/\" target=\"_blank\" rel=\"noopener\">here<\/a>.<\/p><p>The Mighty Ailigas Fell rises over the Utsjoki village. You can reach the top using the service road. From the top of the fell you can enjoy beautiful scenery of the Tana River Valley and the village.<\/p><p>Spring in Lapland (1 March &#8211; 6 May) is one of the best times of the year. The sun is shining warmly and the days get longer by the day. There are plenty of options for winter activities then. The best ice fishing season is between 15th March and 6th May. Up on the lakes on the fells your face might catch the sun.<\/p>\t\t\t\t\t\t\t\t<\/div>\n\t\t\t\t<\/div>\n\t\t\t\t<div class=\"elementor-element elementor-element-955c2b9 elementor-widget elementor-widget-heading\" data-id=\"955c2b9\" data-element_type=\"widget\" data-e-type=\"widget\" data-widget_type=\"heading.default\">\n\t\t\t\t<div class=\"elementor-widget-container\">\n\t\t\t\t\t<h5 class=\"elementor-heading-title elementor-size-default\">LOMAT\u00c4RPPI SERVICES<\/h5>\t\t\t\t<\/div>\n\t\t\t\t<\/div>\n\t\t\t\t<div class=\"elementor-element elementor-element-2ea318a elementor-widget elementor-widget-heading\" data-id=\"2ea318a\" data-element_type=\"widget\" data-e-type=\"widget\" data-widget_type=\"heading.default\">\n\t\t\t\t<div class=\"elementor-widget-container\">\n\t\t\t\t\t<h5 class=\"elementor-heading-title elementor-size-default\">SPRING DAY TRIPS:<\/h5>\t\t\t\t<\/div>\n\t\t\t\t<\/div>\n\t\t\t\t<div class=\"elementor-element elementor-element-9837ba8 elementor-widget elementor-widget-text-editor\" data-id=\"9837ba8\" data-element_type=\"widget\" data-e-type=\"widget\" data-widget_type=\"text-editor.default\">\n\t\t\t\t<div class=\"elementor-widget-container\">\n\t\t\t\t\t\t\t\t\t<div><div dir=\"ltr\"><div><a href=\"https:\/\/lomatarppi.fi\/wp-content\/uploads\/2024\/09\/10-Snow-mobile-safari-2.pdf\" target=\"_blank\" rel=\"noopener\">Snowmobile safari<\/a><\/div><div><span style=\"color: #000000;\"><a style=\"color: #000000;\" href=\"https:\/\/lomatarppi.fi\/wp-content\/uploads\/2024\/09\/11-Ice-fishing-tours-to-the-fells-2.pdf\" target=\"_blank\" rel=\"noopener\"><span style=\"color: #333333;\">Ice fishing trip up the fell by snowmobiles<\/span><\/a><\/span><\/div><div><a href=\"https:\/\/lomatarppi.fi\/wp-content\/uploads\/2024\/05\/9-Husky-safari.pdf\" target=\"_blank\" rel=\"noopener\">Husky safari<\/a><br \/><a href=\"https:\/\/exploreutsjoki.fi\/en\/things-to-do-in-utsjoki\/snowshoeing-and-skiing\/\" target=\"_blank\" rel=\"noopener\">Snowshoe walking<\/a><br \/><a href=\"https:\/\/www.utsjokitours.fi\/aurora-chasing\/\" target=\"_blank\" rel=\"noopener\">Aurora chasing<\/a><\/div><div>\u00a0<\/div><\/div><\/div>\t\t\t\t\t\t\t\t<\/div>\n\t\t\t\t<\/div>\n\t\t\t\t<div class=\"elementor-element elementor-element-1291c7dc elementor-widget elementor-widget-heading\" data-id=\"1291c7dc\" data-element_type=\"widget\" data-e-type=\"widget\" data-widget_type=\"heading.default\">\n\t\t\t\t<div class=\"elementor-widget-container\">\n\t\t\t\t\t<h5 class=\"elementor-heading-title elementor-size-default\">DAY TRIP DESTINATIONS in Utsjoki<\/h5>\t\t\t\t<\/div>\n\t\t\t\t<\/div>\n\t\t\t\t<div class=\"elementor-element elementor-element-a69b722 elementor-widget elementor-widget-text-editor\" data-id=\"a69b722\" data-element_type=\"widget\" data-e-type=\"widget\" data-widget_type=\"text-editor.default\">\n\t\t\t\t<div class=\"elementor-widget-container\">\n\t\t\t\t\t\t\t\t\t<p><a href=\"https:\/\/lomatarppi.fi\/wp-content\/uploads\/2024\/05\/nuorgamin_kyla.pdf\" target=\"_blank\" rel=\"noopener\">Take the road up the fell from Nuorgam village.<\/a><br \/><a href=\"https:\/\/lomatarppi.fi\/wp-content\/uploads\/2024\/05\/3-Fells-in-Lapland-by-jeep.pdf\" target=\"_blank\" rel=\"noopener\">Up the fell from Nuorgam by car.<\/a><br \/><a href=\"https:\/\/lomatarppi.fi\/wp-content\/uploads\/2024\/05\/utsjoen_kirkko_ja_kirkkotuvat.pdf\" target=\"_blank\" rel=\"noopener\">Utsjoki Church and the Parish Huts<\/a><br \/><a href=\"https:\/\/lomatarppi.fi\/wp-content\/uploads\/2024\/05\/ulriikan_polku.pdf\" target=\"_blank\" rel=\"noopener\">The Ulrika Trail<\/a><\/p>\t\t\t\t\t\t\t\t<\/div>\n\t\t\t\t<\/div>\n\t\t\t\t<div class=\"elementor-element elementor-element-6010ae2c elementor-widget elementor-widget-heading\" data-id=\"6010ae2c\" data-element_type=\"widget\" data-e-type=\"widget\" data-widget_type=\"heading.default\">\n\t\t\t\t<div class=\"elementor-widget-container\">\n\t\t\t\t\t<h5 class=\"elementor-heading-title elementor-size-default\">DAY TRIP DESTINATIONS in Norway:<\/h5>\t\t\t\t<\/div>\n\t\t\t\t<\/div>\n\t\t\t\t<div class=\"elementor-element elementor-element-e4e1005 elementor-widget elementor-widget-text-editor\" data-id=\"e4e1005\" data-element_type=\"widget\" data-e-type=\"widget\" data-widget_type=\"text-editor.default\">\n\t\t\t\t<div class=\"elementor-widget-container\">\n\t\t\t\t\t\t\t\t\t<p><strong>The north shore of the Varangerfjord<\/strong><\/p><p><strong>The south shore of the Varangerfjord<\/strong><\/p><p><strong>At the Tanafjord<\/strong><\/p><p><strong>The north shore of the Varangerfjord<\/strong><\/p><p><a href=\"https:\/\/lomatarppi.fi\/wp-content\/uploads\/2024\/05\/nesseby.pdf\" target=\"_blank\" rel=\"noopener\">Nesseby, a fishing village<\/a><\/p><p><a href=\"https:\/\/lomatarppi.fi\/wp-content\/uploads\/2024\/05\/ekkeroy.pdf\" target=\"_blank\" rel=\"noopener\">Ekker\u00f8y: beaches, birds and a lovely village by the Varangerfjord<\/a><\/p><p><a href=\"https:\/\/lomatarppi.fi\/wp-content\/uploads\/2024\/05\/kallijoki.pdf\" target=\"_blank\" rel=\"noopener\">Skallelv<\/a><\/p><p><a href=\"https:\/\/lomatarppi.fi\/wp-content\/uploads\/2024\/05\/vuoreija.pdf\" target=\"_blank\" rel=\"noopener\">Vard\u00f8<\/a><\/p><p><a href=\"https:\/\/lomatarppi.fi\/wp-content\/uploads\/2024\/05\/hornoya.pdf\" target=\"_blank\" rel=\"noopener\">Horn\u00f8ya &#8211; An island taken over by birds in Vard\u00f8<\/a><\/p><p><a href=\"https:\/\/lomatarppi.fi\/wp-content\/uploads\/2024\/05\/hamningbergin_kalastajakyla.pdf\" target=\"_blank\" rel=\"noopener\">Hamningberg fishing village<\/a><\/p><p><strong>On the south shore of the Varangerfjord<\/strong><\/p><p><a href=\"https:\/\/lomatarppi.fi\/wp-content\/uploads\/2024\/05\/pykeija.pdf\" target=\"_blank\" rel=\"noopener\">Bug\u00f8ynes: a Finnish village by the Varangerfjord<\/a><\/p><p><strong>On the shores of the Tanafjord<\/strong><\/p><p><a href=\"https:\/\/lomatarppi.fi\/wp-content\/uploads\/2024\/05\/hoyholmen.pdf\" target=\"_blank\" rel=\"noopener\">H\u00f8yholmen<\/a><\/p><p><strong>Towards Ifjord<\/strong><\/p>\t\t\t\t\t\t\t\t<\/div>\n\t\t\t\t<\/div>\n\t\t\t\t<div class=\"elementor-element elementor-element-d5f679f elementor-widget elementor-widget-heading\" data-id=\"d5f679f\" data-element_type=\"widget\" data-e-type=\"widget\" data-widget_type=\"heading.default\">\n\t\t\t\t<div class=\"elementor-widget-container\">\n\t\t\t\t\t<h5 class=\"elementor-heading-title elementor-size-default\">Museums:<\/h5>\t\t\t\t<\/div>\n\t\t\t\t<\/div>\n\t\t\t\t<div class=\"elementor-element elementor-element-134f786 elementor-widget elementor-widget-text-editor\" data-id=\"134f786\" data-element_type=\"widget\" data-e-type=\"widget\" data-widget_type=\"text-editor.default\">\n\t\t\t\t<div class=\"elementor-widget-container\">\n\t\t\t\t\t\t\t\t\t<p><a href=\"https:\/\/lomatarppi.fi\/wp-content\/uploads\/2024\/05\/tenon_museo.pdf\" target=\"_blank\" rel=\"noopener\">Tana Museum (Deanu musea), Polmak<\/a><br \/><a href=\"https:\/\/lomatarppi.fi\/wp-content\/uploads\/2024\/05\/varangin_saamelaismuseo.pdf\" target=\"_blank\" rel=\"noopener\">Varanger S\u00e1mi Museum<\/a><br \/><a href=\"https:\/\/lomatarppi.fi\/wp-content\/uploads\/2024\/05\/esbensenin-_talo_vesisaari.pdf\" target=\"_blank\" rel=\"noopener\">Esbensen House (Esbenseng\u00e5rden), Hvistendahlsgate 31, Vads\u00f8<\/a><br \/><a href=\"https:\/\/lomatarppi.fi\/wp-content\/uploads\/2024\/05\/tuomaisen_talo_vesisaari.pdf\" target=\"_blank\" rel=\"noopener\">Tuomainen House (Tuomaineng\u00e5rden), Slettengata 21, Vads\u00f8<\/a><br \/><a href=\"https:\/\/lomatarppi.fi\/wp-content\/uploads\/2024\/05\/linnoitus_vardohus_fortress.pdf\" target=\"_blank\" rel=\"noopener\">Vard\u00f8hus Fortress, Vard\u00f8<\/a><br \/><a href=\"https:\/\/lomatarppi.fi\/wp-content\/uploads\/2024\/05\/noitamuistomerkki_steilnest_memorial.pdf\" target=\"_blank\" rel=\"noopener\">Steilnest Witch Memorial, Vard\u00f8<\/a><\/p>\t\t\t\t\t\t\t\t<\/div>\n\t\t\t\t<\/div>\n\t\t\t\t<div class=\"elementor-element elementor-element-6cd12cd elementor-widget elementor-widget-text-editor\" data-id=\"6cd12cd\" data-element_type=\"widget\" data-e-type=\"widget\" data-widget_type=\"text-editor.default\">\n\t\t\t\t<div class=\"elementor-widget-container\">\n\t\t\t\t\t\t\t\t\t<p><a href=\"https:\/\/exploreutsjoki.fi\/en\/\" target=\"_blank\" rel=\"noopener\">Utsjoki Tourist Info<\/a><\/p>\t\t\t\t\t\t\t\t<\/div>\n\t\t\t\t<\/div>\n\t\t\t\t<div class=\"elementor-element elementor-element-4d90e3e elementor-widget elementor-widget-text-editor\" data-id=\"4d90e3e\" data-element_type=\"widget\" data-e-type=\"widget\" data-widget_type=\"text-editor.default\">\n\t\t\t\t<div class=\"elementor-widget-container\">\n\t\t\t\t\t\t\t\t\t<p><b>AIRPORT TRANSFER<\/b><\/p><p><a href=\"https:\/\/exploreutsjoki.fi\/en\/getting-to-utsjoki\/\" target=\"_blank\" rel=\"noopener\">See here<\/a><\/p>\t\t\t\t\t\t\t\t<\/div>\n\t\t\t\t<\/div>\n\t\t\t\t<div class=\"elementor-element elementor-element-b92f813 elementor-widget elementor-widget-spacer\" data-id=\"b92f813\" data-element_type=\"widget\" data-e-type=\"widget\" data-widget_type=\"spacer.default\">\n\t\t\t\t<div class=\"elementor-widget-container\">\n\t\t\t\t\t\t\t<div class=\"elementor-spacer\">\n\t\t\t<div class=\"elementor-spacer-inner\"><\/div>\n\t\t<\/div>\n\t\t\t\t\t\t<\/div>\n\t\t\t\t<\/div>\n\t\t\t\t<div class=\"elementor-element elementor-element-387df0e9 elementor-widget elementor-widget-spacer\" data-id=\"387df0e9\" data-element_type=\"widget\" data-e-type=\"widget\" data-widget_type=\"spacer.default\">\n\t\t\t\t<div class=\"elementor-widget-container\">\n\t\t\t\t\t\t\t<div class=\"elementor-spacer\">\n\t\t\t<div class=\"elementor-spacer-inner\"><\/div>\n\t\t<\/div>\n\t\t\t\t\t\t<\/div>\n\t\t\t\t<\/div>\n\t\t\t\t<div class=\"elementor-element elementor-element-6652b6ff elementor-widget elementor-widget-text-editor\" data-id=\"6652b6ff\" data-element_type=\"widget\" data-e-type=\"widget\" data-widget_type=\"text-editor.default\">\n\t\t\t\t<div class=\"elementor-widget-container\">\n\t\t\t\t\t\t\t\t\t<p>or contact us by calling or email.<\/p>\n\t\t\t\t\t\t\t\t<\/div>\n\t\t\t\t<\/div>\n\t\t\t\t\t<\/div>\n\t\t<\/div>\n\t\t\t\t\t<\/div>\n\t\t<\/section>\n\t\t\t\t\t<\/div>\n\t\t<\/div>\n\t\t\t\t\t<\/div>\n\t\t<\/section>\n\t\t\t\t<\/div>\n\t\t","protected":false},"excerpt":{"rendered":"<p>ACTIVITIES IN SPRING You can start your outdoor activities and trips to the wilderness from your doorstep. More info on hiking trails here. The Mighty Ailigas Fell rises over the Utsjoki village. You can reach the top using the service road. From the top of&#8230;<\/p>\n","protected":false},"author":1,"featured_media":0,"parent":0,"menu_order":0,"comment_status":"closed","ping_status":"closed","template":"","meta":{"footnotes":""},"class_list":["post-21282","page","type-page","status-publish","hentry"],"yoast_head":"<!-- This site is optimized with the Yoast SEO plugin v27.5 - https:\/\/yoast.com\/product\/yoast-seo-wordpress\/ -->\n<title>Spring activities - Lappi vuokram&ouml;kit ja vapaa-ajankeskus<\/title>\n<meta name=\"robots\" content=\"index, follow, max-snippet:-1, max-image-preview:large, max-video-preview:-1\" \/>\n<link rel=\"canonical\" href=\"https:\/\/lomatarppi.fi\/en\/spring-winter-activities\/\" \/>\n<meta property=\"og:locale\" content=\"en_US\" \/>\n<meta property=\"og:type\" content=\"article\" \/>\n<meta property=\"og:title\" content=\"Spring activities - Lappi vuokram&ouml;kit ja vapaa-ajankeskus\" \/>\n<meta property=\"og:description\" content=\"ACTIVITIES IN SPRING You can start your outdoor activities and trips to the wilderness from your doorstep. More info on hiking trails here. The Mighty Ailigas Fell rises over the Utsjoki village. You can reach the top using the service road. From the top of...\" \/>\n<meta property=\"og:url\" content=\"https:\/\/lomatarppi.fi\/en\/spring-winter-activities\/\" \/>\n<meta property=\"og:site_name\" content=\"Lappi vuokram&ouml;kit ja vapaa-ajankeskus\" \/>\n<meta property=\"article:modified_time\" content=\"2024-09-14T12:59:33+00:00\" \/>\n<meta property=\"og:image\" content=\"https:\/\/lomatarppi.fi\/wp-content\/uploads\/2024\/05\/Mantokoski-Utsjoella-hoyryaa-1.jpg\" \/>\n<meta name=\"twitter:card\" content=\"summary_large_image\" \/>\n<meta name=\"twitter:label1\" content=\"Est. reading time\" \/>\n\t<meta name=\"twitter:data1\" content=\"2 minutes\" \/>\n<script type=\"application\/ld+json\" class=\"yoast-schema-graph\">{\"@context\":\"https:\\\/\\\/schema.org\",\"@graph\":[{\"@type\":\"WebPage\",\"@id\":\"https:\\\/\\\/lomatarppi.fi\\\/en\\\/spring-winter-activities\\\/\",\"url\":\"https:\\\/\\\/lomatarppi.fi\\\/en\\\/spring-winter-activities\\\/\",\"name\":\"Spring activities - Lappi vuokram&ouml;kit ja vapaa-ajankeskus\",\"isPartOf\":{\"@id\":\"https:\\\/\\\/lomatarppi.fi\\\/en\\\/#website\"},\"primaryImageOfPage\":{\"@id\":\"https:\\\/\\\/lomatarppi.fi\\\/en\\\/spring-winter-activities\\\/#primaryimage\"},\"image\":{\"@id\":\"https:\\\/\\\/lomatarppi.fi\\\/en\\\/spring-winter-activities\\\/#primaryimage\"},\"thumbnailUrl\":\"https:\\\/\\\/lomatarppi.fi\\\/wp-content\\\/uploads\\\/2024\\\/05\\\/Mantokoski-Utsjoella-hoyryaa-1.jpg\",\"datePublished\":\"2024-05-28T09:38:56+00:00\",\"dateModified\":\"2024-09-14T12:59:33+00:00\",\"breadcrumb\":{\"@id\":\"https:\\\/\\\/lomatarppi.fi\\\/en\\\/spring-winter-activities\\\/#breadcrumb\"},\"inLanguage\":\"en-US\",\"potentialAction\":[{\"@type\":\"ReadAction\",\"target\":[\"https:\\\/\\\/lomatarppi.fi\\\/en\\\/spring-winter-activities\\\/\"]}]},{\"@type\":\"ImageObject\",\"inLanguage\":\"en-US\",\"@id\":\"https:\\\/\\\/lomatarppi.fi\\\/en\\\/spring-winter-activities\\\/#primaryimage\",\"url\":\"https:\\\/\\\/lomatarppi.fi\\\/wp-content\\\/uploads\\\/2024\\\/05\\\/Mantokoski-Utsjoella-hoyryaa-1.jpg\",\"contentUrl\":\"https:\\\/\\\/lomatarppi.fi\\\/wp-content\\\/uploads\\\/2024\\\/05\\\/Mantokoski-Utsjoella-hoyryaa-1.jpg\"},{\"@type\":\"BreadcrumbList\",\"@id\":\"https:\\\/\\\/lomatarppi.fi\\\/en\\\/spring-winter-activities\\\/#breadcrumb\",\"itemListElement\":[{\"@type\":\"ListItem\",\"position\":1,\"name\":\"Home\",\"item\":\"https:\\\/\\\/lomatarppi.fi\\\/en\\\/\"},{\"@type\":\"ListItem\",\"position\":2,\"name\":\"Spring activities\"}]},{\"@type\":\"WebSite\",\"@id\":\"https:\\\/\\\/lomatarppi.fi\\\/en\\\/#website\",\"url\":\"https:\\\/\\\/lomatarppi.fi\\\/en\\\/\",\"name\":\"Lappi vuokram&ouml;kit ja vapaa-ajankeskus\",\"description\":\"Lomat&auml;rpin vuokram&ouml;kit Tenojoen varrella Utsjoki, Lappi\",\"publisher\":{\"@id\":\"https:\\\/\\\/lomatarppi.fi\\\/en\\\/#organization\"},\"alternateName\":\"Lomat\u00e4rpin laadukkaat m\u00f6kit tarjoavat puitteet onnelliselle lomalle.\",\"potentialAction\":[{\"@type\":\"SearchAction\",\"target\":{\"@type\":\"EntryPoint\",\"urlTemplate\":\"https:\\\/\\\/lomatarppi.fi\\\/en\\\/?s={search_term_string}\"},\"query-input\":{\"@type\":\"PropertyValueSpecification\",\"valueRequired\":true,\"valueName\":\"search_term_string\"}}],\"inLanguage\":\"en-US\"},{\"@type\":\"Organization\",\"@id\":\"https:\\\/\\\/lomatarppi.fi\\\/en\\\/#organization\",\"name\":\"Lomat\u00e4rppi Oy\",\"alternateName\":\"LOMAT\u00c4RPPI M\u00d6KIT\",\"url\":\"https:\\\/\\\/lomatarppi.fi\\\/en\\\/\",\"logo\":{\"@type\":\"ImageObject\",\"inLanguage\":\"en-US\",\"@id\":\"https:\\\/\\\/lomatarppi.fi\\\/en\\\/#\\\/schema\\\/logo\\\/image\\\/\",\"url\":\"https:\\\/\\\/lomatarppi.fi\\\/wp-content\\\/uploads\\\/2024\\\/05\\\/cropped-lomatarppi-pyorea-logo-120.png\",\"contentUrl\":\"https:\\\/\\\/lomatarppi.fi\\\/wp-content\\\/uploads\\\/2024\\\/05\\\/cropped-lomatarppi-pyorea-logo-120.png\",\"width\":512,\"height\":512,\"caption\":\"Lomat\u00e4rppi Oy\"},\"image\":{\"@id\":\"https:\\\/\\\/lomatarppi.fi\\\/en\\\/#\\\/schema\\\/logo\\\/image\\\/\"}}]}<\/script>\n<!-- \/ Yoast SEO plugin. -->","yoast_head_json":{"title":"Spring activities - Lappi vuokram&ouml;kit ja vapaa-ajankeskus","robots":{"index":"index","follow":"follow","max-snippet":"max-snippet:-1","max-image-preview":"max-image-preview:large","max-video-preview":"max-video-preview:-1"},"canonical":"https:\/\/lomatarppi.fi\/en\/spring-winter-activities\/","og_locale":"en_US","og_type":"article","og_title":"Spring activities - Lappi vuokram&ouml;kit ja vapaa-ajankeskus","og_description":"ACTIVITIES IN SPRING You can start your outdoor activities and trips to the wilderness from your doorstep. More info on hiking trails here. The Mighty Ailigas Fell rises over the Utsjoki village. You can reach the top using the service road. From the top of...","og_url":"https:\/\/lomatarppi.fi\/en\/spring-winter-activities\/","og_site_name":"Lappi vuokram&ouml;kit ja vapaa-ajankeskus","article_modified_time":"2024-09-14T12:59:33+00:00","og_image":[{"url":"https:\/\/lomatarppi.fi\/wp-content\/uploads\/2024\/05\/Mantokoski-Utsjoella-hoyryaa-1.jpg","type":"","width":"","height":""}],"twitter_card":"summary_large_image","twitter_misc":{"Est. reading time":"2 minutes"},"schema":{"@context":"https:\/\/schema.org","@graph":[{"@type":"WebPage","@id":"https:\/\/lomatarppi.fi\/en\/spring-winter-activities\/","url":"https:\/\/lomatarppi.fi\/en\/spring-winter-activities\/","name":"Spring activities - Lappi vuokram&ouml;kit ja vapaa-ajankeskus","isPartOf":{"@id":"https:\/\/lomatarppi.fi\/en\/#website"},"primaryImageOfPage":{"@id":"https:\/\/lomatarppi.fi\/en\/spring-winter-activities\/#primaryimage"},"image":{"@id":"https:\/\/lomatarppi.fi\/en\/spring-winter-activities\/#primaryimage"},"thumbnailUrl":"https:\/\/lomatarppi.fi\/wp-content\/uploads\/2024\/05\/Mantokoski-Utsjoella-hoyryaa-1.jpg","datePublished":"2024-05-28T09:38:56+00:00","dateModified":"2024-09-14T12:59:33+00:00","breadcrumb":{"@id":"https:\/\/lomatarppi.fi\/en\/spring-winter-activities\/#breadcrumb"},"inLanguage":"en-US","potentialAction":[{"@type":"ReadAction","target":["https:\/\/lomatarppi.fi\/en\/spring-winter-activities\/"]}]},{"@type":"ImageObject","inLanguage":"en-US","@id":"https:\/\/lomatarppi.fi\/en\/spring-winter-activities\/#primaryimage","url":"https:\/\/lomatarppi.fi\/wp-content\/uploads\/2024\/05\/Mantokoski-Utsjoella-hoyryaa-1.jpg","contentUrl":"https:\/\/lomatarppi.fi\/wp-content\/uploads\/2024\/05\/Mantokoski-Utsjoella-hoyryaa-1.jpg"},{"@type":"BreadcrumbList","@id":"https:\/\/lomatarppi.fi\/en\/spring-winter-activities\/#breadcrumb","itemListElement":[{"@type":"ListItem","position":1,"name":"Home","item":"https:\/\/lomatarppi.fi\/en\/"},{"@type":"ListItem","position":2,"name":"Spring activities"}]},{"@type":"WebSite","@id":"https:\/\/lomatarppi.fi\/en\/#website","url":"https:\/\/lomatarppi.fi\/en\/","name":"Lappi vuokram&ouml;kit ja vapaa-ajankeskus","description":"Lomat&auml;rpin vuokram&ouml;kit Tenojoen varrella Utsjoki, Lappi","publisher":{"@id":"https:\/\/lomatarppi.fi\/en\/#organization"},"alternateName":"Lomat\u00e4rpin laadukkaat m\u00f6kit tarjoavat puitteet onnelliselle lomalle.","potentialAction":[{"@type":"SearchAction","target":{"@type":"EntryPoint","urlTemplate":"https:\/\/lomatarppi.fi\/en\/?s={search_term_string}"},"query-input":{"@type":"PropertyValueSpecification","valueRequired":true,"valueName":"search_term_string"}}],"inLanguage":"en-US"},{"@type":"Organization","@id":"https:\/\/lomatarppi.fi\/en\/#organization","name":"Lomat\u00e4rppi Oy","alternateName":"LOMAT\u00c4RPPI M\u00d6KIT","url":"https:\/\/lomatarppi.fi\/en\/","logo":{"@type":"ImageObject","inLanguage":"en-US","@id":"https:\/\/lomatarppi.fi\/en\/#\/schema\/logo\/image\/","url":"https:\/\/lomatarppi.fi\/wp-content\/uploads\/2024\/05\/cropped-lomatarppi-pyorea-logo-120.png","contentUrl":"https:\/\/lomatarppi.fi\/wp-content\/uploads\/2024\/05\/cropped-lomatarppi-pyorea-logo-120.png","width":512,"height":512,"caption":"Lomat\u00e4rppi Oy"},"image":{"@id":"https:\/\/lomatarppi.fi\/en\/#\/schema\/logo\/image\/"}}]}},"_links":{"self":[{"href":"https:\/\/lomatarppi.fi\/en\/wp-json\/wp\/v2\/pages\/21282","targetHints":{"allow":["GET"]}}],"collection":[{"href":"https:\/\/lomatarppi.fi\/en\/wp-json\/wp\/v2\/pages"}],"about":[{"href":"https:\/\/lomatarppi.fi\/en\/wp-json\/wp\/v2\/types\/page"}],"author":[{"embeddable":true,"href":"https:\/\/lomatarppi.fi\/en\/wp-json\/wp\/v2\/users\/1"}],"replies":[{"embeddable":true,"href":"https:\/\/lomatarppi.fi\/en\/wp-json\/wp\/v2\/comments?post=21282"}],"version-history":[{"count":75,"href":"https:\/\/lomatarppi.fi\/en\/wp-json\/wp\/v2\/pages\/21282\/revisions"}],"predecessor-version":[{"id":22715,"href":"https:\/\/lomatarppi.fi\/en\/wp-json\/wp\/v2\/pages\/21282\/revisions\/22715"}],"wp:attachment":[{"href":"https:\/\/lomatarppi.fi\/en\/wp-json\/wp\/v2\/media?parent=21282"}],"curies":[{"name":"wp","href":"https:\/\/api.w.org\/{rel}","templated":true}]}}